{"id":2495,"date":"2019-09-10T14:25:56","date_gmt":"2019-09-10T14:25:56","guid":{"rendered":"https:\/\/global-marketing.ro\/cabluri\/?post_type=product&#038;p=2495"},"modified":"2020-02-13T16:39:00","modified_gmt":"2020-02-13T14:39:00","slug":"bullet-m5-hp","status":"publish","type":"product","link":"https:\/\/www.cable.ro\/en\/product\/bullet-m5-hp\/","title":{"rendered":"BULLET M5-HP"},"content":{"rendered":"<p>5GHz Bullet, AIRMAX, HP ,\u00a0 Access point de exterior, Interfa\u0163a de re\u0163ea: 100BASE-TX (Cat. 5, RJ-45),\u00a0 Putere de emisie: 19 &#8230; 25 dBm,\u00a0 Distanta de transmisie \u00cen aer liber (Antena Dependent) 50+ km\u00a0\u00a0 (dependent antena)<br \/>\nUbiquiti Bullet M5 HP este un access point de exterior pentru banda de 5 GHz, de dimensiuni reduse, \u00eens\u0103 foarte puternic.<br \/>\nModul \u00een care a fost construit permite conectarea direct\u0103 la anten\u0103, f\u0103r\u0103 cablu RF, ceea ce ofer\u0103 performan\u0163e ridicate \u015fi costuri reduse. De asemenea, sistemul de alimentare POE \u015fi indicatorul de semnal cu LED-uri permite instalarea \u015fi alinierea acestui dispozitiv \u00een cateva minute, f\u0103r\u0103 nici un efort.<br \/>\nSistemul de operare este AirOS V, cu o interfa\u0163\u0103 web foarte intuitiv\u0103 \u015fi prietenoas\u0103. \u00cen plus, permite \u015fi conectare prin ssh\/telnet, precum \u015fi culegerea de date prin SNMP.<br \/>\nCa s\u0103 v\u0103 face\u0163i o idee despre posibilit\u0103\u0163ile sistemului de operare AirOS V, am conectat la internet un Bullet M2 HP, pe care \u00eel pute\u0163i accesa aici. Acest access point deserve\u015fte o parte din abona\u0163ii Delta Web Telecom.<\/p>\n<p>Specifica\u0163ii sistem:<br \/>\nProcesor: Atheros MIPS 24KC, 400MHz<br \/>\nMemorie: 32MB SDRAM, 8MB Flash<br \/>\nConector RF \u00eencorporat: N-type Male Jack<br \/>\nInterfa\u0163a de re\u0163ea: 100BASE-TX (Cat. 5, RJ-45)<br \/>\nInterval frecven\u0163e: 5470 &#8230; 5825 MHz<br \/>\nPutere de emisie: 19 &#8230; 25 dBm<br \/>\nSensibilitate: -74 &#8230; -96 dBm<br \/>\nTensiune de alimentare: 5 &#8230; 24 V<br \/>\nPutere maxim\u0103 consumat\u0103: 6W<\/p>\n<p>Caracteristici fizice:<br \/>\nDimensiuni: 15.2 x 3.1 x 3.7 cm<br \/>\nGreutate: 0.18 kg<br \/>\nCarcasa: plastic rezistent la ultraviolete<br \/>\nTemperatura de operare: -40 &#8230; +80\u00b0C<br \/>\nUmiditate: 5 &#8230; 95%<\/p>","protected":false},"excerpt":{"rendered":"<p>5GHz Bullet, AIRMAX, HP ,\u00a0 Access point de exterior, Interfa\u0163a de re\u0163ea: 100BASE-TX (Cat. 5, RJ-45),\u00a0 Putere de emisie: 19 &#8230; 25 dBm,\u00a0 Distanta de transmisie \u00cen aer liber (Antena Dependent) 50+ km\u00a0\u00a0 (dependent antena) Ubiquiti Bullet M5 HP este un access point de exterior pentru banda de 5 GHz, de dimensiuni reduse, \u00eens\u0103 foarte&hellip;<\/p>","protected":false},"featured_media":2498,"template":"","meta":[],"product_cat":[209,211],"product_tag":[],"class_list":{"0":"post-2495","1":"product","2":"type-product","3":"status-publish","4":"has-post-thumbnail","6":"product_cat-echipamente-pt-transmisie-radio","7":"product_cat-ubiquiti","8":"yith_product_brand-ubiquiti-networks","10":"first","11":"instock","12":"shipping-taxable","13":"product-type-simple","14":"col-xs-6 col-sm-4","15":"col-md-3 col-lg-3","16":"un-4-cols"},"yoast_head":"<!-- This site is optimized with the Yoast SEO plugin v27.0 - https:\/\/yoast.com\/product\/yoast-seo-wordpress\/ -->\n<title>BULLET M5-HP - Cable S.R.L. - dealer autorizat CORNING<\/title>\n<meta name=\"robots\" content=\"index, follow, max-snippet:-1, max-image-preview:large, max-video-preview:-1\" \/>\n<link rel=\"canonical\" href=\"https:\/\/www.cable.ro\/en\/product\/bullet-m5-hp\/\" \/>\n<meta property=\"og:locale\" content=\"en_US\" \/>\n<meta property=\"og:type\" content=\"article\" \/>\n<meta property=\"og:title\" content=\"BULLET M5-HP - Cable S.R.L. - dealer autorizat CORNING\" \/>\n<meta property=\"og:description\" content=\"5GHz Bullet, AIRMAX, HP ,\u00a0 Access point de exterior, Interfa\u0163a de re\u0163ea: 100BASE-TX (Cat. 5, RJ-45),\u00a0 Putere de emisie: 19 &#8230; 25 dBm,\u00a0 Distanta de transmisie \u00cen aer liber (Antena Dependent) 50+ km\u00a0\u00a0 (dependent antena) Ubiquiti Bullet M5 HP este un access point de exterior pentru banda de 5 GHz, de dimensiuni reduse, \u00eens\u0103 foarte&hellip;\" \/>\n<meta property=\"og:url\" content=\"https:\/\/www.cable.ro\/en\/product\/bullet-m5-hp\/\" \/>\n<meta property=\"og:site_name\" content=\"Cable S.R.L. - dealer autorizat CORNING\" \/>\n<meta property=\"article:modified_time\" content=\"2020-02-13T14:39:00+00:00\" \/>\n<meta property=\"og:image\" content=\"https:\/\/www.cable.ro\/wp-content\/uploads\/2019\/09\/386.jpg\" \/>\n\t<meta property=\"og:image:width\" content=\"1024\" \/>\n\t<meta property=\"og:image:height\" content=\"768\" \/>\n\t<meta property=\"og:image:type\" content=\"image\/jpeg\" \/>\n<meta name=\"twitter:card\" content=\"summary_large_image\" \/>\n<meta name=\"twitter:label1\" content=\"Est. reading time\" \/>\n\t<meta name=\"twitter:data1\" content=\"1 minute\" \/>\n<script type=\"application\/ld+json\" class=\"yoast-schema-graph\">{\"@context\":\"https:\/\/schema.org\",\"@graph\":[{\"@type\":\"WebPage\",\"@id\":\"https:\/\/www.cable.ro\/product\/bullet-m5-hp\/\",\"url\":\"https:\/\/www.cable.ro\/product\/bullet-m5-hp\/\",\"name\":\"BULLET M5-HP - Cable S.R.L. - dealer autorizat CORNING\",\"isPartOf\":{\"@id\":\"https:\/\/www.cable.ro\/#website\"},\"primaryImageOfPage\":{\"@id\":\"https:\/\/www.cable.ro\/product\/bullet-m5-hp\/#primaryimage\"},\"image\":{\"@id\":\"https:\/\/www.cable.ro\/product\/bullet-m5-hp\/#primaryimage\"},\"thumbnailUrl\":\"https:\/\/www.cable.ro\/wp-content\/uploads\/2019\/09\/386.jpg\",\"datePublished\":\"2019-09-10T14:25:56+00:00\",\"dateModified\":\"2020-02-13T14:39:00+00:00\",\"breadcrumb\":{\"@id\":\"https:\/\/www.cable.ro\/product\/bullet-m5-hp\/#breadcrumb\"},\"inLanguage\":\"en-US\",\"potentialAction\":[{\"@type\":\"ReadAction\",\"target\":[\"https:\/\/www.cable.ro\/product\/bullet-m5-hp\/\"]}]},{\"@type\":\"ImageObject\",\"inLanguage\":\"en-US\",\"@id\":\"https:\/\/www.cable.ro\/product\/bullet-m5-hp\/#primaryimage\",\"url\":\"https:\/\/www.cable.ro\/wp-content\/uploads\/2019\/09\/386.jpg\",\"contentUrl\":\"https:\/\/www.cable.ro\/wp-content\/uploads\/2019\/09\/386.jpg\",\"width\":1024,\"height\":768},{\"@type\":\"BreadcrumbList\",\"@id\":\"https:\/\/www.cable.ro\/product\/bullet-m5-hp\/#breadcrumb\",\"itemListElement\":[{\"@type\":\"ListItem\",\"position\":1,\"name\":\"Prima pagin\u0103\",\"item\":\"https:\/\/www.cable.ro\/\"},{\"@type\":\"ListItem\",\"position\":2,\"name\":\"Magazin\",\"item\":\"https:\/\/www.cable.ro\/magazin\/\"},{\"@type\":\"ListItem\",\"position\":3,\"name\":\"BULLET M5-HP\"}]},{\"@type\":\"WebSite\",\"@id\":\"https:\/\/www.cable.ro\/#website\",\"url\":\"https:\/\/www.cable.ro\/\",\"name\":\"Cable S.R.L. - dealer autorizat CORNING\",\"description\":\"Cable Oradea\",\"publisher\":{\"@id\":\"https:\/\/www.cable.ro\/#organization\"},\"potentialAction\":[{\"@type\":\"SearchAction\",\"target\":{\"@type\":\"EntryPoint\",\"urlTemplate\":\"https:\/\/www.cable.ro\/?s={search_term_string}\"},\"query-input\":{\"@type\":\"PropertyValueSpecification\",\"valueRequired\":true,\"valueName\":\"search_term_string\"}}],\"inLanguage\":\"en-US\"},{\"@type\":\"Organization\",\"@id\":\"https:\/\/www.cable.ro\/#organization\",\"name\":\"Cable SRL\",\"url\":\"https:\/\/www.cable.ro\/\",\"logo\":{\"@type\":\"ImageObject\",\"inLanguage\":\"en-US\",\"@id\":\"https:\/\/www.cable.ro\/#\/schema\/logo\/image\/\",\"url\":\"https:\/\/www.cable.ro\/wp-content\/uploads\/2021\/02\/Final3-mutat-ro.jpg\",\"contentUrl\":\"https:\/\/www.cable.ro\/wp-content\/uploads\/2021\/02\/Final3-mutat-ro.jpg\",\"width\":754,\"height\":344,\"caption\":\"Cable SRL\"},\"image\":{\"@id\":\"https:\/\/www.cable.ro\/#\/schema\/logo\/image\/\"}}]}<\/script>\n<!-- \/ Yoast SEO plugin. -->","yoast_head_json":{"title":"BULLET M5-HP - Cable S.R.L. - dealer autorizat CORNING","robots":{"index":"index","follow":"follow","max-snippet":"max-snippet:-1","max-image-preview":"max-image-preview:large","max-video-preview":"max-video-preview:-1"},"canonical":"https:\/\/www.cable.ro\/en\/product\/bullet-m5-hp\/","og_locale":"en_US","og_type":"article","og_title":"BULLET M5-HP - Cable S.R.L. - dealer autorizat CORNING","og_description":"5GHz Bullet, AIRMAX, HP ,\u00a0 Access point de exterior, Interfa\u0163a de re\u0163ea: 100BASE-TX (Cat. 5, RJ-45),\u00a0 Putere de emisie: 19 &#8230; 25 dBm,\u00a0 Distanta de transmisie \u00cen aer liber (Antena Dependent) 50+ km\u00a0\u00a0 (dependent antena) Ubiquiti Bullet M5 HP este un access point de exterior pentru banda de 5 GHz, de dimensiuni reduse, \u00eens\u0103 foarte&hellip;","og_url":"https:\/\/www.cable.ro\/en\/product\/bullet-m5-hp\/","og_site_name":"Cable S.R.L. - dealer autorizat CORNING","article_modified_time":"2020-02-13T14:39:00+00:00","og_image":[{"width":1024,"height":768,"url":"https:\/\/www.cable.ro\/wp-content\/uploads\/2019\/09\/386.jpg","type":"image\/jpeg"}],"twitter_card":"summary_large_image","twitter_misc":{"Est. reading time":"1 minute"},"schema":{"@context":"https:\/\/schema.org","@graph":[{"@type":"WebPage","@id":"https:\/\/www.cable.ro\/product\/bullet-m5-hp\/","url":"https:\/\/www.cable.ro\/product\/bullet-m5-hp\/","name":"BULLET M5-HP - Cable S.R.L. - dealer autorizat CORNING","isPartOf":{"@id":"https:\/\/www.cable.ro\/#website"},"primaryImageOfPage":{"@id":"https:\/\/www.cable.ro\/product\/bullet-m5-hp\/#primaryimage"},"image":{"@id":"https:\/\/www.cable.ro\/product\/bullet-m5-hp\/#primaryimage"},"thumbnailUrl":"https:\/\/www.cable.ro\/wp-content\/uploads\/2019\/09\/386.jpg","datePublished":"2019-09-10T14:25:56+00:00","dateModified":"2020-02-13T14:39:00+00:00","breadcrumb":{"@id":"https:\/\/www.cable.ro\/product\/bullet-m5-hp\/#breadcrumb"},"inLanguage":"en-US","potentialAction":[{"@type":"ReadAction","target":["https:\/\/www.cable.ro\/product\/bullet-m5-hp\/"]}]},{"@type":"ImageObject","inLanguage":"en-US","@id":"https:\/\/www.cable.ro\/product\/bullet-m5-hp\/#primaryimage","url":"https:\/\/www.cable.ro\/wp-content\/uploads\/2019\/09\/386.jpg","contentUrl":"https:\/\/www.cable.ro\/wp-content\/uploads\/2019\/09\/386.jpg","width":1024,"height":768},{"@type":"BreadcrumbList","@id":"https:\/\/www.cable.ro\/product\/bullet-m5-hp\/#breadcrumb","itemListElement":[{"@type":"ListItem","position":1,"name":"Prima pagin\u0103","item":"https:\/\/www.cable.ro\/"},{"@type":"ListItem","position":2,"name":"Magazin","item":"https:\/\/www.cable.ro\/magazin\/"},{"@type":"ListItem","position":3,"name":"BULLET M5-HP"}]},{"@type":"WebSite","@id":"https:\/\/www.cable.ro\/#website","url":"https:\/\/www.cable.ro\/","name":"Cable S.R.L. - dealer autorizat CORNING","description":"Cable Oradea","publisher":{"@id":"https:\/\/www.cable.ro\/#organization"},"potentialAction":[{"@type":"SearchAction","target":{"@type":"EntryPoint","urlTemplate":"https:\/\/www.cable.ro\/?s={search_term_string}"},"query-input":{"@type":"PropertyValueSpecification","valueRequired":true,"valueName":"search_term_string"}}],"inLanguage":"en-US"},{"@type":"Organization","@id":"https:\/\/www.cable.ro\/#organization","name":"Cable SRL","url":"https:\/\/www.cable.ro\/","logo":{"@type":"ImageObject","inLanguage":"en-US","@id":"https:\/\/www.cable.ro\/#\/schema\/logo\/image\/","url":"https:\/\/www.cable.ro\/wp-content\/uploads\/2021\/02\/Final3-mutat-ro.jpg","contentUrl":"https:\/\/www.cable.ro\/wp-content\/uploads\/2021\/02\/Final3-mutat-ro.jpg","width":754,"height":344,"caption":"Cable SRL"},"image":{"@id":"https:\/\/www.cable.ro\/#\/schema\/logo\/image\/"}}]}},"_links":{"self":[{"href":"https:\/\/www.cable.ro\/en\/wp-json\/wp\/v2\/product\/2495","targetHints":{"allow":["GET"]}}],"collection":[{"href":"https:\/\/www.cable.ro\/en\/wp-json\/wp\/v2\/product"}],"about":[{"href":"https:\/\/www.cable.ro\/en\/wp-json\/wp\/v2\/types\/product"}],"wp:featuredmedia":[{"embeddable":true,"href":"https:\/\/www.cable.ro\/en\/wp-json\/wp\/v2\/media\/2498"}],"wp:attachment":[{"href":"https:\/\/www.cable.ro\/en\/wp-json\/wp\/v2\/media?parent=2495"}],"wp:term":[{"taxonomy":"product_cat","embeddable":true,"href":"https:\/\/www.cable.ro\/en\/wp-json\/wp\/v2\/product_cat?post=2495"},{"taxonomy":"product_tag","embeddable":true,"href":"https:\/\/www.cable.ro\/en\/wp-json\/wp\/v2\/product_tag?post=2495"}],"curies":[{"name":"wp","href":"https:\/\/api.w.org\/{rel}","templated":true}]}}