{"id":2542,"date":"2019-09-10T14:46:14","date_gmt":"2019-09-10T14:46:14","guid":{"rendered":"https:\/\/global-marketing.ro\/cabluri\/?post_type=product&#038;p=2542"},"modified":"2026-01-20T20:34:41","modified_gmt":"2026-01-20T18:34:41","slug":"rocket-m2","status":"publish","type":"product","link":"https:\/\/www.cable.ro\/en\/product\/rocket-m2\/","title":{"rendered":"ROCKET M2"},"content":{"rendered":"<p>2.4GHz Rocket MIMO, AIRMAX, wireless de exterior, conexiuni point-to-point sau impreuna cu AP-uri dotate cu antene sectoriale<br \/>\nRocket M2 AirMax este un dispozitiv wireless de exterior, foarte robust \u015fi puternic, ideal pentru providerii de internet wifi (WISP).<br \/>\nCarcasa de plastic rezistent la intemperii ad\u0103poste\u015fte un sistem radio cu putere de emisie de p\u00e2n\u0103 la 28 dBm (630 mW) \u015fi un sistem cu procesor Atheros MIPS 24KC, tactat la 400 MHz.<br \/>\nRocket M2 AirMax poate fi folosit pentru conexiuni point-to-point sau, \u00eempreun\u0103 cu alte AP-uri dotate cu antene sectoriale, poate forma un base-station (sta\u0163ie baz\u0103) cu raz\u0103 mare de acoperire.<br \/>\nRocket M2 AirMax este dotat cu dou\u0103 conectoare RP-SMA, ce permit legarea la anten\u0103 \u00een mod MIMO.<br \/>\nSistemul de operare este AirOS V, cu o interfa\u0163\u0103 web foarte intuitiv\u0103 \u015fi prietenoas\u0103. \u00cen plus, permite \u015fi conectare prin ssh\/telnet, precum \u015fi culegerea de date prin SNMP.<\/p>\n<p>Specifica\u0163ii sistem:<br \/>\nProcesor: Atheros MIPS 24KC, 400MHz<br \/>\nMemorie: 64MB SDRAM, 8MB Flash<br \/>\nInterfa\u0163a de re\u0163ea: 2x 100BASE-TX<br \/>\nConector RF: 2x RP-SMA, rezistent la ap\u0103<br \/>\nPutere de emisie: p\u00e2n\u0103 la 28 dBm (630 mW)<br \/>\nStandard: 802.11 b\/g\/n<br \/>\nInterval frecven\u0163e: 2412 &#8230; 2462 MHz<br \/>\nSensibilitate: -74 &#8230; -96 dBm<br \/>\nPutere maxim\u0103 consumat\u0103: 6.5 W<\/p>\n<p>Caracteristici fizice:<br \/>\nDimensiuni: 160x80x30 mm<br \/>\nGreutate: 0.5 kg<br \/>\nCarcasa: plastic rezistent la intemperii<br \/>\nSursa de alimentare: Passive POE, 24V, 1A (inclus\u0103)<br \/>\nTemperatura de operare: -30 &#8230; +75\u00b0C<br \/>\nUmiditate: 5 &#8230; 95%<\/p>\n<p><a href=\"\/wp-content\/uploads\/2019\/09\/Rocket_M_GPS_Datasheet.pdf\" target=\"_blank\">Data sheet<\/a><\/p>","protected":false},"excerpt":{"rendered":"<p><a href=\"\/wp-content\/uploads\/2019\/09\/Rocket_M_GPS_Datasheet.pdf\" target=\"_blank\">Data sheet<\/a><\/p>","protected":false},"featured_media":2545,"template":"","meta":[],"product_cat":[209,211],"product_tag":[],"class_list":{"0":"post-2542","1":"product","2":"type-product","3":"status-publish","4":"has-post-thumbnail","6":"product_cat-echipamente-pt-transmisie-radio","7":"product_cat-ubiquiti","8":"yith_product_brand-ubiquiti-networks","10":"first","11":"instock","12":"shipping-taxable","13":"product-type-simple","14":"col-xs-6 col-sm-4","15":"col-md-3 col-lg-3","16":"un-4-cols"},"yoast_head":"<!-- This site is optimized with the Yoast SEO plugin v27.0 - https:\/\/yoast.com\/product\/yoast-seo-wordpress\/ -->\n<title>ROCKET M2 - Cable S.R.L. - dealer autorizat CORNING<\/title>\n<meta name=\"robots\" content=\"index, follow, max-snippet:-1, max-image-preview:large, max-video-preview:-1\" \/>\n<link rel=\"canonical\" href=\"https:\/\/www.cable.ro\/en\/product\/rocket-m2\/\" \/>\n<meta property=\"og:locale\" content=\"en_US\" \/>\n<meta property=\"og:type\" content=\"article\" \/>\n<meta property=\"og:title\" content=\"ROCKET M2 - Cable S.R.L. - dealer autorizat CORNING\" \/>\n<meta property=\"og:description\" content=\"Fisa Tehnica\" \/>\n<meta property=\"og:url\" content=\"https:\/\/www.cable.ro\/en\/product\/rocket-m2\/\" \/>\n<meta property=\"og:site_name\" content=\"Cable S.R.L. - dealer autorizat CORNING\" \/>\n<meta property=\"article:modified_time\" content=\"2026-01-20T18:34:41+00:00\" \/>\n<meta property=\"og:image\" content=\"https:\/\/www.cable.ro\/wp-content\/uploads\/2019\/09\/395.jpg\" \/>\n\t<meta property=\"og:image:width\" content=\"284\" \/>\n\t<meta property=\"og:image:height\" content=\"177\" \/>\n\t<meta property=\"og:image:type\" content=\"image\/jpeg\" \/>\n<meta name=\"twitter:card\" content=\"summary_large_image\" \/>\n<meta name=\"twitter:label1\" content=\"Est. reading time\" \/>\n\t<meta name=\"twitter:data1\" content=\"2 minutes\" \/>\n<script type=\"application\/ld+json\" class=\"yoast-schema-graph\">{\"@context\":\"https:\/\/schema.org\",\"@graph\":[{\"@type\":\"WebPage\",\"@id\":\"https:\/\/www.cable.ro\/product\/rocket-m2\/\",\"url\":\"https:\/\/www.cable.ro\/product\/rocket-m2\/\",\"name\":\"ROCKET M2 - Cable S.R.L. - dealer autorizat CORNING\",\"isPartOf\":{\"@id\":\"https:\/\/www.cable.ro\/#website\"},\"primaryImageOfPage\":{\"@id\":\"https:\/\/www.cable.ro\/product\/rocket-m2\/#primaryimage\"},\"image\":{\"@id\":\"https:\/\/www.cable.ro\/product\/rocket-m2\/#primaryimage\"},\"thumbnailUrl\":\"https:\/\/www.cable.ro\/wp-content\/uploads\/2019\/09\/395.jpg\",\"datePublished\":\"2019-09-10T14:46:14+00:00\",\"dateModified\":\"2026-01-20T18:34:41+00:00\",\"breadcrumb\":{\"@id\":\"https:\/\/www.cable.ro\/product\/rocket-m2\/#breadcrumb\"},\"inLanguage\":\"en-US\",\"potentialAction\":[{\"@type\":\"ReadAction\",\"target\":[\"https:\/\/www.cable.ro\/product\/rocket-m2\/\"]}]},{\"@type\":\"ImageObject\",\"inLanguage\":\"en-US\",\"@id\":\"https:\/\/www.cable.ro\/product\/rocket-m2\/#primaryimage\",\"url\":\"https:\/\/www.cable.ro\/wp-content\/uploads\/2019\/09\/395.jpg\",\"contentUrl\":\"https:\/\/www.cable.ro\/wp-content\/uploads\/2019\/09\/395.jpg\",\"width\":284,\"height\":177},{\"@type\":\"BreadcrumbList\",\"@id\":\"https:\/\/www.cable.ro\/product\/rocket-m2\/#breadcrumb\",\"itemListElement\":[{\"@type\":\"ListItem\",\"position\":1,\"name\":\"Prima pagin\u0103\",\"item\":\"https:\/\/www.cable.ro\/\"},{\"@type\":\"ListItem\",\"position\":2,\"name\":\"Magazin\",\"item\":\"https:\/\/www.cable.ro\/magazin\/\"},{\"@type\":\"ListItem\",\"position\":3,\"name\":\"ROCKET M2\"}]},{\"@type\":\"WebSite\",\"@id\":\"https:\/\/www.cable.ro\/#website\",\"url\":\"https:\/\/www.cable.ro\/\",\"name\":\"Cable S.R.L. - dealer autorizat CORNING\",\"description\":\"Cable Oradea\",\"publisher\":{\"@id\":\"https:\/\/www.cable.ro\/#organization\"},\"potentialAction\":[{\"@type\":\"SearchAction\",\"target\":{\"@type\":\"EntryPoint\",\"urlTemplate\":\"https:\/\/www.cable.ro\/?s={search_term_string}\"},\"query-input\":{\"@type\":\"PropertyValueSpecification\",\"valueRequired\":true,\"valueName\":\"search_term_string\"}}],\"inLanguage\":\"en-US\"},{\"@type\":\"Organization\",\"@id\":\"https:\/\/www.cable.ro\/#organization\",\"name\":\"Cable SRL\",\"url\":\"https:\/\/www.cable.ro\/\",\"logo\":{\"@type\":\"ImageObject\",\"inLanguage\":\"en-US\",\"@id\":\"https:\/\/www.cable.ro\/#\/schema\/logo\/image\/\",\"url\":\"https:\/\/www.cable.ro\/wp-content\/uploads\/2021\/02\/Final3-mutat-ro.jpg\",\"contentUrl\":\"https:\/\/www.cable.ro\/wp-content\/uploads\/2021\/02\/Final3-mutat-ro.jpg\",\"width\":754,\"height\":344,\"caption\":\"Cable SRL\"},\"image\":{\"@id\":\"https:\/\/www.cable.ro\/#\/schema\/logo\/image\/\"}}]}<\/script>\n<!-- \/ Yoast SEO plugin. -->","yoast_head_json":{"title":"ROCKET M2 - Cable S.R.L. - dealer autorizat CORNING","robots":{"index":"index","follow":"follow","max-snippet":"max-snippet:-1","max-image-preview":"max-image-preview:large","max-video-preview":"max-video-preview:-1"},"canonical":"https:\/\/www.cable.ro\/en\/product\/rocket-m2\/","og_locale":"en_US","og_type":"article","og_title":"ROCKET M2 - Cable S.R.L. - dealer autorizat CORNING","og_description":"Fisa Tehnica","og_url":"https:\/\/www.cable.ro\/en\/product\/rocket-m2\/","og_site_name":"Cable S.R.L. - dealer autorizat CORNING","article_modified_time":"2026-01-20T18:34:41+00:00","og_image":[{"width":284,"height":177,"url":"https:\/\/www.cable.ro\/wp-content\/uploads\/2019\/09\/395.jpg","type":"image\/jpeg"}],"twitter_card":"summary_large_image","twitter_misc":{"Est. reading time":"2 minutes"},"schema":{"@context":"https:\/\/schema.org","@graph":[{"@type":"WebPage","@id":"https:\/\/www.cable.ro\/product\/rocket-m2\/","url":"https:\/\/www.cable.ro\/product\/rocket-m2\/","name":"ROCKET M2 - Cable S.R.L. - dealer autorizat CORNING","isPartOf":{"@id":"https:\/\/www.cable.ro\/#website"},"primaryImageOfPage":{"@id":"https:\/\/www.cable.ro\/product\/rocket-m2\/#primaryimage"},"image":{"@id":"https:\/\/www.cable.ro\/product\/rocket-m2\/#primaryimage"},"thumbnailUrl":"https:\/\/www.cable.ro\/wp-content\/uploads\/2019\/09\/395.jpg","datePublished":"2019-09-10T14:46:14+00:00","dateModified":"2026-01-20T18:34:41+00:00","breadcrumb":{"@id":"https:\/\/www.cable.ro\/product\/rocket-m2\/#breadcrumb"},"inLanguage":"en-US","potentialAction":[{"@type":"ReadAction","target":["https:\/\/www.cable.ro\/product\/rocket-m2\/"]}]},{"@type":"ImageObject","inLanguage":"en-US","@id":"https:\/\/www.cable.ro\/product\/rocket-m2\/#primaryimage","url":"https:\/\/www.cable.ro\/wp-content\/uploads\/2019\/09\/395.jpg","contentUrl":"https:\/\/www.cable.ro\/wp-content\/uploads\/2019\/09\/395.jpg","width":284,"height":177},{"@type":"BreadcrumbList","@id":"https:\/\/www.cable.ro\/product\/rocket-m2\/#breadcrumb","itemListElement":[{"@type":"ListItem","position":1,"name":"Prima pagin\u0103","item":"https:\/\/www.cable.ro\/"},{"@type":"ListItem","position":2,"name":"Magazin","item":"https:\/\/www.cable.ro\/magazin\/"},{"@type":"ListItem","position":3,"name":"ROCKET M2"}]},{"@type":"WebSite","@id":"https:\/\/www.cable.ro\/#website","url":"https:\/\/www.cable.ro\/","name":"Cable S.R.L. - dealer autorizat CORNING","description":"Cable Oradea","publisher":{"@id":"https:\/\/www.cable.ro\/#organization"},"potentialAction":[{"@type":"SearchAction","target":{"@type":"EntryPoint","urlTemplate":"https:\/\/www.cable.ro\/?s={search_term_string}"},"query-input":{"@type":"PropertyValueSpecification","valueRequired":true,"valueName":"search_term_string"}}],"inLanguage":"en-US"},{"@type":"Organization","@id":"https:\/\/www.cable.ro\/#organization","name":"Cable SRL","url":"https:\/\/www.cable.ro\/","logo":{"@type":"ImageObject","inLanguage":"en-US","@id":"https:\/\/www.cable.ro\/#\/schema\/logo\/image\/","url":"https:\/\/www.cable.ro\/wp-content\/uploads\/2021\/02\/Final3-mutat-ro.jpg","contentUrl":"https:\/\/www.cable.ro\/wp-content\/uploads\/2021\/02\/Final3-mutat-ro.jpg","width":754,"height":344,"caption":"Cable SRL"},"image":{"@id":"https:\/\/www.cable.ro\/#\/schema\/logo\/image\/"}}]}},"_links":{"self":[{"href":"https:\/\/www.cable.ro\/en\/wp-json\/wp\/v2\/product\/2542","targetHints":{"allow":["GET"]}}],"collection":[{"href":"https:\/\/www.cable.ro\/en\/wp-json\/wp\/v2\/product"}],"about":[{"href":"https:\/\/www.cable.ro\/en\/wp-json\/wp\/v2\/types\/product"}],"wp:featuredmedia":[{"embeddable":true,"href":"https:\/\/www.cable.ro\/en\/wp-json\/wp\/v2\/media\/2545"}],"wp:attachment":[{"href":"https:\/\/www.cable.ro\/en\/wp-json\/wp\/v2\/media?parent=2542"}],"wp:term":[{"taxonomy":"product_cat","embeddable":true,"href":"https:\/\/www.cable.ro\/en\/wp-json\/wp\/v2\/product_cat?post=2542"},{"taxonomy":"product_tag","embeddable":true,"href":"https:\/\/www.cable.ro\/en\/wp-json\/wp\/v2\/product_tag?post=2542"}],"curies":[{"name":"wp","href":"https:\/\/api.w.org\/{rel}","templated":true}]}}