{"id":2563,"date":"2019-09-10T14:55:55","date_gmt":"2019-09-10T14:55:55","guid":{"rendered":"https:\/\/global-marketing.ro\/cabluri\/?post_type=product&#038;p=2563"},"modified":"2026-01-20T20:22:57","modified_gmt":"2026-01-20T18:22:57","slug":"rocket-m5-ti","status":"publish","type":"product","link":"https:\/\/www.cable.ro\/en\/product\/rocket-m5-ti\/","title":{"rendered":"ROCKET M5-Ti"},"content":{"rendered":"<p>5GHz rocket MIMO, AirMax, Titanium, porturi\u00a0 (1) 10\/100\/1000 Ethernet<br \/>\n(1) 10\/100 Ethernet, rata de transfer 150+ Mbps<br \/>\nRocket M5 Titanium este un access point oudoor de \u00eenalt\u0103 performan\u0163\u0103, ce folose\u015fte tehnologia AirSync (bazat\u0103 pe un timer sincronizat cu semnalul GPS) pentru a reduce la minimum problemele cauzate de interferen\u0163ele de colocare.<br \/>\nProcesorul puternic, portul ethernet gigabit \u015fi tehnologiile proprietare airMAX\/airSync garanteaz\u0103 o conexiune radio rapid\u0103, stabil\u0103, cu laten\u0163\u0103 sc\u0103zut\u0103.<br \/>\nPe carcasa din aluminiu este prezent un indicator de semnal, ce permite alinierea rapid\u0103 \u015fi simpl\u0103 a antenei.<br \/>\nAlimentarea dispozitivului se realizeaz\u0103 cu adaptorul PoE din dotare, compatibil cu standardul 802.3af.<\/p>\n<p>Specifica\u0163ii:<br \/>\nProcesor: Atheros MIPS 74KC, 550 MHz<br \/>\nMemorie: 128 MB SDRAM, 8 MB Flash<br \/>\nInterfe\u0163e de re\u0163ea: 1x ethernet 10\/100\/1000, 1x ethernet 10\/100<br \/>\nGama de frecven\u0163e: 5170 &#8230; 5825 MHz<br \/>\nModuri de lucru: Station, Access Point, AP Repeater<br \/>\nSecuritate wireless: WEP\/WPA\/WPA2<\/p>\n<p>Caracteristici fizice:<br \/>\nDimensiuni: 160 x 80 x 44 mm<br \/>\nGreutate: 350 g<br \/>\nCarcas\u0103: aluminiu<br \/>\nPutere consumat\u0103: maximum 8W<br \/>\nProtec\u0163ie ESD\/EMP: 30KV Contact \/ Air for Ethernet<br \/>\nTemperatura de operare: -30 &#8230; 75\u00b0C<br \/>\nUmiditate suportat\u0103: 5 &#8230; 95% Condensing<\/p>\n<p><a href=\"\/wp-content\/uploads\/2019\/09\/RocketM_Ti_DS-1.pdf\" target=\"_blank\">Data sheet<\/a><\/p>","protected":false},"excerpt":{"rendered":"<p><a href=\"\/wp-content\/uploads\/2019\/09\/RocketM_Ti_DS-1.pdf\" target=\"_blank\">Data sheet<\/a><\/p>","protected":false},"featured_media":2564,"template":"","meta":[],"product_cat":[209,211],"product_tag":[],"class_list":{"0":"post-2563","1":"product","2":"type-product","3":"status-publish","4":"has-post-thumbnail","6":"product_cat-echipamente-pt-transmisie-radio","7":"product_cat-ubiquiti","8":"yith_product_brand-ubiquiti-networks","10":"first","11":"instock","12":"shipping-taxable","13":"product-type-simple","14":"col-xs-6 col-sm-4","15":"col-md-3 col-lg-3","16":"un-4-cols"},"yoast_head":"<!-- This site is optimized with the Yoast SEO plugin v27.0 - https:\/\/yoast.com\/product\/yoast-seo-wordpress\/ -->\n<title>ROCKET M5-Ti - Cable S.R.L. - dealer autorizat CORNING<\/title>\n<meta name=\"robots\" content=\"index, follow, max-snippet:-1, max-image-preview:large, max-video-preview:-1\" \/>\n<link rel=\"canonical\" href=\"https:\/\/www.cable.ro\/en\/product\/rocket-m5-ti\/\" \/>\n<meta property=\"og:locale\" content=\"en_US\" \/>\n<meta property=\"og:type\" content=\"article\" \/>\n<meta property=\"og:title\" content=\"ROCKET M5-Ti - Cable S.R.L. - dealer autorizat CORNING\" \/>\n<meta property=\"og:description\" content=\"Fisa Tehnica\" \/>\n<meta property=\"og:url\" content=\"https:\/\/www.cable.ro\/en\/product\/rocket-m5-ti\/\" \/>\n<meta property=\"og:site_name\" content=\"Cable S.R.L. - dealer autorizat CORNING\" \/>\n<meta property=\"article:modified_time\" content=\"2026-01-20T18:22:57+00:00\" \/>\n<meta property=\"og:image\" content=\"https:\/\/www.cable.ro\/wp-content\/uploads\/2019\/09\/400.jpg\" \/>\n\t<meta property=\"og:image:width\" content=\"173\" \/>\n\t<meta property=\"og:image:height\" content=\"292\" \/>\n\t<meta property=\"og:image:type\" content=\"image\/jpeg\" \/>\n<meta name=\"twitter:card\" content=\"summary_large_image\" \/>\n<meta name=\"twitter:label1\" content=\"Est. reading time\" \/>\n\t<meta name=\"twitter:data1\" content=\"2 minutes\" \/>\n<script type=\"application\/ld+json\" class=\"yoast-schema-graph\">{\"@context\":\"https:\/\/schema.org\",\"@graph\":[{\"@type\":\"WebPage\",\"@id\":\"https:\/\/www.cable.ro\/product\/rocket-m5-ti\/\",\"url\":\"https:\/\/www.cable.ro\/product\/rocket-m5-ti\/\",\"name\":\"ROCKET M5-Ti - Cable S.R.L. - dealer autorizat CORNING\",\"isPartOf\":{\"@id\":\"https:\/\/www.cable.ro\/#website\"},\"primaryImageOfPage\":{\"@id\":\"https:\/\/www.cable.ro\/product\/rocket-m5-ti\/#primaryimage\"},\"image\":{\"@id\":\"https:\/\/www.cable.ro\/product\/rocket-m5-ti\/#primaryimage\"},\"thumbnailUrl\":\"https:\/\/www.cable.ro\/wp-content\/uploads\/2019\/09\/400.jpg\",\"datePublished\":\"2019-09-10T14:55:55+00:00\",\"dateModified\":\"2026-01-20T18:22:57+00:00\",\"breadcrumb\":{\"@id\":\"https:\/\/www.cable.ro\/product\/rocket-m5-ti\/#breadcrumb\"},\"inLanguage\":\"en-US\",\"potentialAction\":[{\"@type\":\"ReadAction\",\"target\":[\"https:\/\/www.cable.ro\/product\/rocket-m5-ti\/\"]}]},{\"@type\":\"ImageObject\",\"inLanguage\":\"en-US\",\"@id\":\"https:\/\/www.cable.ro\/product\/rocket-m5-ti\/#primaryimage\",\"url\":\"https:\/\/www.cable.ro\/wp-content\/uploads\/2019\/09\/400.jpg\",\"contentUrl\":\"https:\/\/www.cable.ro\/wp-content\/uploads\/2019\/09\/400.jpg\",\"width\":173,\"height\":292},{\"@type\":\"BreadcrumbList\",\"@id\":\"https:\/\/www.cable.ro\/product\/rocket-m5-ti\/#breadcrumb\",\"itemListElement\":[{\"@type\":\"ListItem\",\"position\":1,\"name\":\"Prima pagin\u0103\",\"item\":\"https:\/\/www.cable.ro\/\"},{\"@type\":\"ListItem\",\"position\":2,\"name\":\"Magazin\",\"item\":\"https:\/\/www.cable.ro\/magazin\/\"},{\"@type\":\"ListItem\",\"position\":3,\"name\":\"ROCKET M5-Ti\"}]},{\"@type\":\"WebSite\",\"@id\":\"https:\/\/www.cable.ro\/#website\",\"url\":\"https:\/\/www.cable.ro\/\",\"name\":\"Cable S.R.L. - dealer autorizat CORNING\",\"description\":\"Cable Oradea\",\"publisher\":{\"@id\":\"https:\/\/www.cable.ro\/#organization\"},\"potentialAction\":[{\"@type\":\"SearchAction\",\"target\":{\"@type\":\"EntryPoint\",\"urlTemplate\":\"https:\/\/www.cable.ro\/?s={search_term_string}\"},\"query-input\":{\"@type\":\"PropertyValueSpecification\",\"valueRequired\":true,\"valueName\":\"search_term_string\"}}],\"inLanguage\":\"en-US\"},{\"@type\":\"Organization\",\"@id\":\"https:\/\/www.cable.ro\/#organization\",\"name\":\"Cable SRL\",\"url\":\"https:\/\/www.cable.ro\/\",\"logo\":{\"@type\":\"ImageObject\",\"inLanguage\":\"en-US\",\"@id\":\"https:\/\/www.cable.ro\/#\/schema\/logo\/image\/\",\"url\":\"https:\/\/www.cable.ro\/wp-content\/uploads\/2021\/02\/Final3-mutat-ro.jpg\",\"contentUrl\":\"https:\/\/www.cable.ro\/wp-content\/uploads\/2021\/02\/Final3-mutat-ro.jpg\",\"width\":754,\"height\":344,\"caption\":\"Cable SRL\"},\"image\":{\"@id\":\"https:\/\/www.cable.ro\/#\/schema\/logo\/image\/\"}}]}<\/script>\n<!-- \/ Yoast SEO plugin. -->","yoast_head_json":{"title":"ROCKET M5-Ti - Cable S.R.L. - dealer autorizat CORNING","robots":{"index":"index","follow":"follow","max-snippet":"max-snippet:-1","max-image-preview":"max-image-preview:large","max-video-preview":"max-video-preview:-1"},"canonical":"https:\/\/www.cable.ro\/en\/product\/rocket-m5-ti\/","og_locale":"en_US","og_type":"article","og_title":"ROCKET M5-Ti - Cable S.R.L. - dealer autorizat CORNING","og_description":"Fisa Tehnica","og_url":"https:\/\/www.cable.ro\/en\/product\/rocket-m5-ti\/","og_site_name":"Cable S.R.L. - dealer autorizat CORNING","article_modified_time":"2026-01-20T18:22:57+00:00","og_image":[{"width":173,"height":292,"url":"https:\/\/www.cable.ro\/wp-content\/uploads\/2019\/09\/400.jpg","type":"image\/jpeg"}],"twitter_card":"summary_large_image","twitter_misc":{"Est. reading time":"2 minutes"},"schema":{"@context":"https:\/\/schema.org","@graph":[{"@type":"WebPage","@id":"https:\/\/www.cable.ro\/product\/rocket-m5-ti\/","url":"https:\/\/www.cable.ro\/product\/rocket-m5-ti\/","name":"ROCKET M5-Ti - Cable S.R.L. - dealer autorizat CORNING","isPartOf":{"@id":"https:\/\/www.cable.ro\/#website"},"primaryImageOfPage":{"@id":"https:\/\/www.cable.ro\/product\/rocket-m5-ti\/#primaryimage"},"image":{"@id":"https:\/\/www.cable.ro\/product\/rocket-m5-ti\/#primaryimage"},"thumbnailUrl":"https:\/\/www.cable.ro\/wp-content\/uploads\/2019\/09\/400.jpg","datePublished":"2019-09-10T14:55:55+00:00","dateModified":"2026-01-20T18:22:57+00:00","breadcrumb":{"@id":"https:\/\/www.cable.ro\/product\/rocket-m5-ti\/#breadcrumb"},"inLanguage":"en-US","potentialAction":[{"@type":"ReadAction","target":["https:\/\/www.cable.ro\/product\/rocket-m5-ti\/"]}]},{"@type":"ImageObject","inLanguage":"en-US","@id":"https:\/\/www.cable.ro\/product\/rocket-m5-ti\/#primaryimage","url":"https:\/\/www.cable.ro\/wp-content\/uploads\/2019\/09\/400.jpg","contentUrl":"https:\/\/www.cable.ro\/wp-content\/uploads\/2019\/09\/400.jpg","width":173,"height":292},{"@type":"BreadcrumbList","@id":"https:\/\/www.cable.ro\/product\/rocket-m5-ti\/#breadcrumb","itemListElement":[{"@type":"ListItem","position":1,"name":"Prima pagin\u0103","item":"https:\/\/www.cable.ro\/"},{"@type":"ListItem","position":2,"name":"Magazin","item":"https:\/\/www.cable.ro\/magazin\/"},{"@type":"ListItem","position":3,"name":"ROCKET M5-Ti"}]},{"@type":"WebSite","@id":"https:\/\/www.cable.ro\/#website","url":"https:\/\/www.cable.ro\/","name":"Cable S.R.L. - dealer autorizat CORNING","description":"Cable Oradea","publisher":{"@id":"https:\/\/www.cable.ro\/#organization"},"potentialAction":[{"@type":"SearchAction","target":{"@type":"EntryPoint","urlTemplate":"https:\/\/www.cable.ro\/?s={search_term_string}"},"query-input":{"@type":"PropertyValueSpecification","valueRequired":true,"valueName":"search_term_string"}}],"inLanguage":"en-US"},{"@type":"Organization","@id":"https:\/\/www.cable.ro\/#organization","name":"Cable SRL","url":"https:\/\/www.cable.ro\/","logo":{"@type":"ImageObject","inLanguage":"en-US","@id":"https:\/\/www.cable.ro\/#\/schema\/logo\/image\/","url":"https:\/\/www.cable.ro\/wp-content\/uploads\/2021\/02\/Final3-mutat-ro.jpg","contentUrl":"https:\/\/www.cable.ro\/wp-content\/uploads\/2021\/02\/Final3-mutat-ro.jpg","width":754,"height":344,"caption":"Cable SRL"},"image":{"@id":"https:\/\/www.cable.ro\/#\/schema\/logo\/image\/"}}]}},"_links":{"self":[{"href":"https:\/\/www.cable.ro\/en\/wp-json\/wp\/v2\/product\/2563","targetHints":{"allow":["GET"]}}],"collection":[{"href":"https:\/\/www.cable.ro\/en\/wp-json\/wp\/v2\/product"}],"about":[{"href":"https:\/\/www.cable.ro\/en\/wp-json\/wp\/v2\/types\/product"}],"wp:featuredmedia":[{"embeddable":true,"href":"https:\/\/www.cable.ro\/en\/wp-json\/wp\/v2\/media\/2564"}],"wp:attachment":[{"href":"https:\/\/www.cable.ro\/en\/wp-json\/wp\/v2\/media?parent=2563"}],"wp:term":[{"taxonomy":"product_cat","embeddable":true,"href":"https:\/\/www.cable.ro\/en\/wp-json\/wp\/v2\/product_cat?post=2563"},{"taxonomy":"product_tag","embeddable":true,"href":"https:\/\/www.cable.ro\/en\/wp-json\/wp\/v2\/product_tag?post=2563"}],"curies":[{"name":"wp","href":"https:\/\/api.w.org\/{rel}","templated":true}]}}