{"id":2569,"date":"2019-09-10T14:58:07","date_gmt":"2019-09-10T14:58:07","guid":{"rendered":"https:\/\/global-marketing.ro\/cabluri\/?post_type=product&#038;p=2569"},"modified":"2026-01-20T20:21:42","modified_gmt":"2026-01-20T18:21:42","slug":"airgrid-hp-5g23","status":"publish","type":"product","link":"https:\/\/www.cable.ro\/en\/product\/airgrid-hp-5g23\/","title":{"rendered":"AirGrid &#8211; HP- 5G23"},"content":{"rendered":"<p>5GHz AirGrid, AIRMAX, 23dBi , antena wireless\/ access point, rata de transfer 100+ Mbps la 25+ km<br \/>\nAirGrid M5-HP-23 este un ansablu anten\u0103 wireless\/access point cu putere de emisie mare, care integreaz\u0103 sistemul radio direct \u00een feedhorn-ul antenei.<br \/>\nCombinarea tehnologiilor InnerFeed \u015fi AirMax creaz\u0103 un dispozitiv simplu \u015fi performant, ce permite rate de transfer de p\u00e2n\u0103 la 100Mbps \u015fi linkuri pe distan\u0163e de p\u00e2n\u0103 la 30 km, totul la un cost foarte redus.<br \/>\nAirGrid M5-HP-23 poate fi folosit fie pentru conexiuni point-to-point (pentru transportul internetului \u00eentre dou\u0103 localit\u0103\u0163i), fie ca anten\u0103 client (pentru link \u00eentre un abonat situat la mare distan\u0163\u0103 de base-station).<br \/>\nIndicatorul cu LED-uri \u00eencorporat \u00een carcasa feedhorn-ului permite o aliniere foarte u\u015foar\u0103 \u015fi precis\u0103. Schimbarea polarit\u0103\u0163ii se face prin simpla rotire a antenei.<br \/>\nSistemul de operare este AirOS V, cu o interfa\u0163\u0103 web foarte intuitiv\u0103 \u015fi prietenoas\u0103. \u00cen plus, permite \u015fi conectare prin ssh\/telnet, precum \u015fi culegerea de date prin SNMP.<\/p>\n<p>Accesorii:<br \/>\nInjector POE \u015fi surs\u0103 de alimentare (24V, 0.5A)<br \/>\nKit montaj<\/p>\n<p>Specifica\u0163ii sistem:<br \/>\nProcesor: Atheros MIPS 24KC, 400MHz<br \/>\nMemorie: 32MB SDRAM, 8MB Flash<br \/>\nInterfa\u0163a de re\u0163ea: 100BASE-TX (Cat. 5, RJ-45)<br \/>\nPutere de emisie: 19 &#8230; 25 dBm<br \/>\nSensibilitate: -75 &#8230; -97 dBm<br \/>\nPutere consumat\u0103: 3W<\/p>\n<p>Specifica\u0163ii anten\u0103:<br \/>\nDimensiuni reflector: 432x610mm (17&#215;24\u201d)<br \/>\nInterval frecven\u0163e: 5.470 &#8230; 5.825 GHz<br \/>\nC\u00e2\u015ftig: 23 dBi<br \/>\nPolarizare: orizontal sau vertical<\/p>\n<p>Caracteristici fizice:<br \/>\nGreutate: feed 0.2 kg, mount 0.65 kg, reflector 0.7 kg<br \/>\nCarcasa: plastic rezistent la ultraviolete<br \/>\nTemperatura de operare: -30 &#8230; +75\u00b0C<br \/>\nUmiditate: 5 &#8230; 95%<\/p>\n<p><a href=\"\/wp-content\/uploads\/2019\/09\/airGrid_HP.pdf\" target=\"_blank\">Data sheet<\/a><\/p>","protected":false},"excerpt":{"rendered":"<p><a href=\"\/wp-content\/uploads\/2019\/09\/airGrid_HP.pdf\" target=\"_blank\">Data sheet<\/a><\/p>","protected":false},"featured_media":2572,"template":"","meta":[],"product_cat":[209,211],"product_tag":[],"class_list":{"0":"post-2569","1":"product","2":"type-product","3":"status-publish","4":"has-post-thumbnail","6":"product_cat-echipamente-pt-transmisie-radio","7":"product_cat-ubiquiti","8":"yith_product_brand-ubiquiti-networks","10":"first","11":"instock","12":"shipping-taxable","13":"product-type-simple","14":"col-xs-6 col-sm-4","15":"col-md-3 col-lg-3","16":"un-4-cols"},"yoast_head":"<!-- This site is optimized with the Yoast SEO plugin v27.0 - https:\/\/yoast.com\/product\/yoast-seo-wordpress\/ -->\n<title>AirGrid - HP- 5G23 - Cable S.R.L. - dealer autorizat CORNING<\/title>\n<meta name=\"robots\" content=\"index, follow, max-snippet:-1, max-image-preview:large, max-video-preview:-1\" \/>\n<link rel=\"canonical\" href=\"https:\/\/www.cable.ro\/en\/product\/airgrid-hp-5g23\/\" \/>\n<meta property=\"og:locale\" content=\"en_US\" \/>\n<meta property=\"og:type\" content=\"article\" \/>\n<meta property=\"og:title\" content=\"AirGrid - HP- 5G23 - Cable S.R.L. - dealer autorizat CORNING\" \/>\n<meta property=\"og:description\" content=\"Fisa Tehnica\" \/>\n<meta property=\"og:url\" content=\"https:\/\/www.cable.ro\/en\/product\/airgrid-hp-5g23\/\" \/>\n<meta property=\"og:site_name\" content=\"Cable S.R.L. - dealer autorizat CORNING\" \/>\n<meta property=\"article:modified_time\" content=\"2026-01-20T18:21:42+00:00\" \/>\n<meta property=\"og:image\" content=\"https:\/\/www.cable.ro\/wp-content\/uploads\/2019\/09\/401.jpg\" \/>\n\t<meta property=\"og:image:width\" content=\"225\" \/>\n\t<meta property=\"og:image:height\" content=\"225\" \/>\n\t<meta property=\"og:image:type\" content=\"image\/jpeg\" \/>\n<meta name=\"twitter:card\" content=\"summary_large_image\" \/>\n<meta name=\"twitter:label1\" content=\"Est. reading time\" \/>\n\t<meta name=\"twitter:data1\" content=\"2 minutes\" \/>\n<script type=\"application\/ld+json\" class=\"yoast-schema-graph\">{\"@context\":\"https:\/\/schema.org\",\"@graph\":[{\"@type\":\"WebPage\",\"@id\":\"https:\/\/www.cable.ro\/product\/airgrid-hp-5g23\/\",\"url\":\"https:\/\/www.cable.ro\/product\/airgrid-hp-5g23\/\",\"name\":\"AirGrid - HP- 5G23 - Cable S.R.L. - dealer autorizat CORNING\",\"isPartOf\":{\"@id\":\"https:\/\/www.cable.ro\/#website\"},\"primaryImageOfPage\":{\"@id\":\"https:\/\/www.cable.ro\/product\/airgrid-hp-5g23\/#primaryimage\"},\"image\":{\"@id\":\"https:\/\/www.cable.ro\/product\/airgrid-hp-5g23\/#primaryimage\"},\"thumbnailUrl\":\"https:\/\/www.cable.ro\/wp-content\/uploads\/2019\/09\/401.jpg\",\"datePublished\":\"2019-09-10T14:58:07+00:00\",\"dateModified\":\"2026-01-20T18:21:42+00:00\",\"breadcrumb\":{\"@id\":\"https:\/\/www.cable.ro\/product\/airgrid-hp-5g23\/#breadcrumb\"},\"inLanguage\":\"en-US\",\"potentialAction\":[{\"@type\":\"ReadAction\",\"target\":[\"https:\/\/www.cable.ro\/product\/airgrid-hp-5g23\/\"]}]},{\"@type\":\"ImageObject\",\"inLanguage\":\"en-US\",\"@id\":\"https:\/\/www.cable.ro\/product\/airgrid-hp-5g23\/#primaryimage\",\"url\":\"https:\/\/www.cable.ro\/wp-content\/uploads\/2019\/09\/401.jpg\",\"contentUrl\":\"https:\/\/www.cable.ro\/wp-content\/uploads\/2019\/09\/401.jpg\",\"width\":225,\"height\":225},{\"@type\":\"BreadcrumbList\",\"@id\":\"https:\/\/www.cable.ro\/product\/airgrid-hp-5g23\/#breadcrumb\",\"itemListElement\":[{\"@type\":\"ListItem\",\"position\":1,\"name\":\"Prima pagin\u0103\",\"item\":\"https:\/\/www.cable.ro\/\"},{\"@type\":\"ListItem\",\"position\":2,\"name\":\"Magazin\",\"item\":\"https:\/\/www.cable.ro\/magazin\/\"},{\"@type\":\"ListItem\",\"position\":3,\"name\":\"AirGrid &#8211; HP- 5G23\"}]},{\"@type\":\"WebSite\",\"@id\":\"https:\/\/www.cable.ro\/#website\",\"url\":\"https:\/\/www.cable.ro\/\",\"name\":\"Cable S.R.L. - dealer autorizat CORNING\",\"description\":\"Cable Oradea\",\"publisher\":{\"@id\":\"https:\/\/www.cable.ro\/#organization\"},\"potentialAction\":[{\"@type\":\"SearchAction\",\"target\":{\"@type\":\"EntryPoint\",\"urlTemplate\":\"https:\/\/www.cable.ro\/?s={search_term_string}\"},\"query-input\":{\"@type\":\"PropertyValueSpecification\",\"valueRequired\":true,\"valueName\":\"search_term_string\"}}],\"inLanguage\":\"en-US\"},{\"@type\":\"Organization\",\"@id\":\"https:\/\/www.cable.ro\/#organization\",\"name\":\"Cable SRL\",\"url\":\"https:\/\/www.cable.ro\/\",\"logo\":{\"@type\":\"ImageObject\",\"inLanguage\":\"en-US\",\"@id\":\"https:\/\/www.cable.ro\/#\/schema\/logo\/image\/\",\"url\":\"https:\/\/www.cable.ro\/wp-content\/uploads\/2021\/02\/Final3-mutat-ro.jpg\",\"contentUrl\":\"https:\/\/www.cable.ro\/wp-content\/uploads\/2021\/02\/Final3-mutat-ro.jpg\",\"width\":754,\"height\":344,\"caption\":\"Cable SRL\"},\"image\":{\"@id\":\"https:\/\/www.cable.ro\/#\/schema\/logo\/image\/\"}}]}<\/script>\n<!-- \/ Yoast SEO plugin. -->","yoast_head_json":{"title":"AirGrid - HP- 5G23 - Cable S.R.L. - dealer autorizat CORNING","robots":{"index":"index","follow":"follow","max-snippet":"max-snippet:-1","max-image-preview":"max-image-preview:large","max-video-preview":"max-video-preview:-1"},"canonical":"https:\/\/www.cable.ro\/en\/product\/airgrid-hp-5g23\/","og_locale":"en_US","og_type":"article","og_title":"AirGrid - HP- 5G23 - Cable S.R.L. - dealer autorizat CORNING","og_description":"Fisa Tehnica","og_url":"https:\/\/www.cable.ro\/en\/product\/airgrid-hp-5g23\/","og_site_name":"Cable S.R.L. - dealer autorizat CORNING","article_modified_time":"2026-01-20T18:21:42+00:00","og_image":[{"width":225,"height":225,"url":"https:\/\/www.cable.ro\/wp-content\/uploads\/2019\/09\/401.jpg","type":"image\/jpeg"}],"twitter_card":"summary_large_image","twitter_misc":{"Est. reading time":"2 minutes"},"schema":{"@context":"https:\/\/schema.org","@graph":[{"@type":"WebPage","@id":"https:\/\/www.cable.ro\/product\/airgrid-hp-5g23\/","url":"https:\/\/www.cable.ro\/product\/airgrid-hp-5g23\/","name":"AirGrid - HP- 5G23 - Cable S.R.L. - dealer autorizat CORNING","isPartOf":{"@id":"https:\/\/www.cable.ro\/#website"},"primaryImageOfPage":{"@id":"https:\/\/www.cable.ro\/product\/airgrid-hp-5g23\/#primaryimage"},"image":{"@id":"https:\/\/www.cable.ro\/product\/airgrid-hp-5g23\/#primaryimage"},"thumbnailUrl":"https:\/\/www.cable.ro\/wp-content\/uploads\/2019\/09\/401.jpg","datePublished":"2019-09-10T14:58:07+00:00","dateModified":"2026-01-20T18:21:42+00:00","breadcrumb":{"@id":"https:\/\/www.cable.ro\/product\/airgrid-hp-5g23\/#breadcrumb"},"inLanguage":"en-US","potentialAction":[{"@type":"ReadAction","target":["https:\/\/www.cable.ro\/product\/airgrid-hp-5g23\/"]}]},{"@type":"ImageObject","inLanguage":"en-US","@id":"https:\/\/www.cable.ro\/product\/airgrid-hp-5g23\/#primaryimage","url":"https:\/\/www.cable.ro\/wp-content\/uploads\/2019\/09\/401.jpg","contentUrl":"https:\/\/www.cable.ro\/wp-content\/uploads\/2019\/09\/401.jpg","width":225,"height":225},{"@type":"BreadcrumbList","@id":"https:\/\/www.cable.ro\/product\/airgrid-hp-5g23\/#breadcrumb","itemListElement":[{"@type":"ListItem","position":1,"name":"Prima pagin\u0103","item":"https:\/\/www.cable.ro\/"},{"@type":"ListItem","position":2,"name":"Magazin","item":"https:\/\/www.cable.ro\/magazin\/"},{"@type":"ListItem","position":3,"name":"AirGrid &#8211; HP- 5G23"}]},{"@type":"WebSite","@id":"https:\/\/www.cable.ro\/#website","url":"https:\/\/www.cable.ro\/","name":"Cable S.R.L. - dealer autorizat CORNING","description":"Cable Oradea","publisher":{"@id":"https:\/\/www.cable.ro\/#organization"},"potentialAction":[{"@type":"SearchAction","target":{"@type":"EntryPoint","urlTemplate":"https:\/\/www.cable.ro\/?s={search_term_string}"},"query-input":{"@type":"PropertyValueSpecification","valueRequired":true,"valueName":"search_term_string"}}],"inLanguage":"en-US"},{"@type":"Organization","@id":"https:\/\/www.cable.ro\/#organization","name":"Cable SRL","url":"https:\/\/www.cable.ro\/","logo":{"@type":"ImageObject","inLanguage":"en-US","@id":"https:\/\/www.cable.ro\/#\/schema\/logo\/image\/","url":"https:\/\/www.cable.ro\/wp-content\/uploads\/2021\/02\/Final3-mutat-ro.jpg","contentUrl":"https:\/\/www.cable.ro\/wp-content\/uploads\/2021\/02\/Final3-mutat-ro.jpg","width":754,"height":344,"caption":"Cable SRL"},"image":{"@id":"https:\/\/www.cable.ro\/#\/schema\/logo\/image\/"}}]}},"_links":{"self":[{"href":"https:\/\/www.cable.ro\/en\/wp-json\/wp\/v2\/product\/2569","targetHints":{"allow":["GET"]}}],"collection":[{"href":"https:\/\/www.cable.ro\/en\/wp-json\/wp\/v2\/product"}],"about":[{"href":"https:\/\/www.cable.ro\/en\/wp-json\/wp\/v2\/types\/product"}],"wp:featuredmedia":[{"embeddable":true,"href":"https:\/\/www.cable.ro\/en\/wp-json\/wp\/v2\/media\/2572"}],"wp:attachment":[{"href":"https:\/\/www.cable.ro\/en\/wp-json\/wp\/v2\/media?parent=2569"}],"wp:term":[{"taxonomy":"product_cat","embeddable":true,"href":"https:\/\/www.cable.ro\/en\/wp-json\/wp\/v2\/product_cat?post=2569"},{"taxonomy":"product_tag","embeddable":true,"href":"https:\/\/www.cable.ro\/en\/wp-json\/wp\/v2\/product_tag?post=2569"}],"curies":[{"name":"wp","href":"https:\/\/api.w.org\/{rel}","templated":true}]}}