{"id":2588,"date":"2019-09-10T15:06:16","date_gmt":"2019-09-10T15:06:16","guid":{"rendered":"https:\/\/global-marketing.ro\/cabluri\/?post_type=product&#038;p=2588"},"modified":"2026-01-20T20:11:39","modified_gmt":"2026-01-20T18:11:39","slug":"nanobeam-m5-16","status":"publish","type":"product","link":"https:\/\/www.cable.ro\/en\/product\/nanobeam-m5-16\/","title":{"rendered":"NanoBeam M5-16"},"content":{"rendered":"<p>5GHz NanoBeam, AIRM AX, 16dB , 150+ Mbps la peste 10+ km<\/p>\n<p><strong>NanoBeam M5-16<\/strong>\u00a0este un ansamblu anten\u0103\/access-point de mici dimensiuni, destinat leg\u0103turilor punct la punct sau conect\u0103rii abona\u0163ilor la un access point central.<\/p>\n<p>Imunitatea la zgomot este \u00eembun\u0103t\u0103\u0163it\u0103 prin concentrarea energiei RF \u00eentr-un fascicul \u00eengust, caracteristic\u0103 foarte util\u0103 \u00een zonele cu trafic radio aglomerat.<\/p>\n<p><strong>Specifica\u0163ii sistem:<\/strong><\/p>\n<ul>\n<li>Procesor: Atheros MIPS 74KC, 560MHz<\/li>\n<li>Memorie: 64MB DDR2, 8MB Flash<\/li>\n<li>Interfa\u0163a de re\u0163ea: 10\/100BASE-TX<\/li>\n<li>Putere de emisie: p\u00e2n\u0103 la 26 dBm (398mW)<\/li>\n<li>Banda de frecven\u0163e: 5170 &#8230; 5875 MHz<\/li>\n<li>L\u0103\u0163ime canal: 5\/8\/10\/20\/30\/40 MHz<\/li>\n<\/ul>\n<p><strong>Specifica\u0163ii anten\u0103:<\/strong><\/p>\n<ul>\n<li>Polarizare: dual-linear<\/li>\n<li>VSWR: maximum 1.5:1<\/li>\n<li>C\u00e2\u015ftig: 16dBi<\/li>\n<\/ul>\n<p><strong>Caracteristici fizice:<\/strong><\/p>\n<ul>\n<li>Dimensiuni: 140 x 140 x 54 mm<\/li>\n<li>Greutate: 0.32 kg<\/li>\n<li>Rezisten\u0163\u0103 la v\u00e2nt: 200 km\/h<\/li>\n<li>Protec\u0163ie ESD\/EMP: Air: \u00b124 kV, Contact: \u00b124 kV<\/li>\n<li>Sursa de alimentare: Passive POE, 24V<\/li>\n<li>Consum: 6W<\/li>\n<li>Temperatura de operare: -40 &#8230; +70\u00b0C<\/li>\n<li>Umiditate: 5-95% (f\u0103r\u0103 condens)<\/li>\n<\/ul>\n<p><a href=\"\/wp-content\/uploads\/2019\/09\/PowerBeam_DS.pdf\" target=\"_blank\">Data sheet<\/a><\/p>","protected":false},"excerpt":{"rendered":"<p><a href=\"\/wp-content\/uploads\/2019\/09\/PowerBeam_DS.pdf\" target=\"_blank\">Data sheet<\/a><\/p>","protected":false},"featured_media":2581,"template":"","meta":[],"product_cat":[209,211],"product_tag":[],"class_list":{"0":"post-2588","1":"product","2":"type-product","3":"status-publish","4":"has-post-thumbnail","6":"product_cat-echipamente-pt-transmisie-radio","7":"product_cat-ubiquiti","8":"yith_product_brand-ubiquiti-networks","10":"first","11":"instock","12":"shipping-taxable","13":"product-type-simple","14":"col-xs-6 col-sm-4","15":"col-md-3 col-lg-3","16":"un-4-cols"},"yoast_head":"<!-- This site is optimized with the Yoast SEO plugin v27.0 - https:\/\/yoast.com\/product\/yoast-seo-wordpress\/ -->\n<title>NanoBeam M5-16 - Cable S.R.L. - dealer autorizat CORNING<\/title>\n<meta name=\"robots\" content=\"index, follow, max-snippet:-1, max-image-preview:large, max-video-preview:-1\" \/>\n<link rel=\"canonical\" href=\"https:\/\/www.cable.ro\/en\/product\/nanobeam-m5-16\/\" \/>\n<meta property=\"og:locale\" content=\"en_US\" \/>\n<meta property=\"og:type\" content=\"article\" \/>\n<meta property=\"og:title\" content=\"NanoBeam M5-16 - Cable S.R.L. - dealer autorizat CORNING\" \/>\n<meta property=\"og:description\" content=\"Fisa Tehnica\" \/>\n<meta property=\"og:url\" content=\"https:\/\/www.cable.ro\/en\/product\/nanobeam-m5-16\/\" \/>\n<meta property=\"og:site_name\" content=\"Cable S.R.L. - dealer autorizat CORNING\" \/>\n<meta property=\"article:modified_time\" content=\"2026-01-20T18:11:39+00:00\" \/>\n<meta property=\"og:image\" content=\"https:\/\/www.cable.ro\/wp-content\/uploads\/2019\/09\/512.png\" \/>\n\t<meta property=\"og:image:width\" content=\"108\" \/>\n\t<meta property=\"og:image:height\" content=\"132\" \/>\n\t<meta property=\"og:image:type\" content=\"image\/png\" \/>\n<meta name=\"twitter:card\" content=\"summary_large_image\" \/>\n<meta name=\"twitter:label1\" content=\"Est. reading time\" \/>\n\t<meta name=\"twitter:data1\" content=\"1 minute\" \/>\n<script type=\"application\/ld+json\" class=\"yoast-schema-graph\">{\"@context\":\"https:\/\/schema.org\",\"@graph\":[{\"@type\":\"WebPage\",\"@id\":\"https:\/\/www.cable.ro\/product\/nanobeam-m5-16\/\",\"url\":\"https:\/\/www.cable.ro\/product\/nanobeam-m5-16\/\",\"name\":\"NanoBeam M5-16 - Cable S.R.L. - dealer autorizat CORNING\",\"isPartOf\":{\"@id\":\"https:\/\/www.cable.ro\/#website\"},\"primaryImageOfPage\":{\"@id\":\"https:\/\/www.cable.ro\/product\/nanobeam-m5-16\/#primaryimage\"},\"image\":{\"@id\":\"https:\/\/www.cable.ro\/product\/nanobeam-m5-16\/#primaryimage\"},\"thumbnailUrl\":\"https:\/\/www.cable.ro\/wp-content\/uploads\/2019\/09\/512.png\",\"datePublished\":\"2019-09-10T15:06:16+00:00\",\"dateModified\":\"2026-01-20T18:11:39+00:00\",\"breadcrumb\":{\"@id\":\"https:\/\/www.cable.ro\/product\/nanobeam-m5-16\/#breadcrumb\"},\"inLanguage\":\"en-US\",\"potentialAction\":[{\"@type\":\"ReadAction\",\"target\":[\"https:\/\/www.cable.ro\/product\/nanobeam-m5-16\/\"]}]},{\"@type\":\"ImageObject\",\"inLanguage\":\"en-US\",\"@id\":\"https:\/\/www.cable.ro\/product\/nanobeam-m5-16\/#primaryimage\",\"url\":\"https:\/\/www.cable.ro\/wp-content\/uploads\/2019\/09\/512.png\",\"contentUrl\":\"https:\/\/www.cable.ro\/wp-content\/uploads\/2019\/09\/512.png\",\"width\":108,\"height\":132},{\"@type\":\"BreadcrumbList\",\"@id\":\"https:\/\/www.cable.ro\/product\/nanobeam-m5-16\/#breadcrumb\",\"itemListElement\":[{\"@type\":\"ListItem\",\"position\":1,\"name\":\"Prima pagin\u0103\",\"item\":\"https:\/\/www.cable.ro\/\"},{\"@type\":\"ListItem\",\"position\":2,\"name\":\"Magazin\",\"item\":\"https:\/\/www.cable.ro\/magazin\/\"},{\"@type\":\"ListItem\",\"position\":3,\"name\":\"NanoBeam M5-16\"}]},{\"@type\":\"WebSite\",\"@id\":\"https:\/\/www.cable.ro\/#website\",\"url\":\"https:\/\/www.cable.ro\/\",\"name\":\"Cable S.R.L. - dealer autorizat CORNING\",\"description\":\"Cable Oradea\",\"publisher\":{\"@id\":\"https:\/\/www.cable.ro\/#organization\"},\"potentialAction\":[{\"@type\":\"SearchAction\",\"target\":{\"@type\":\"EntryPoint\",\"urlTemplate\":\"https:\/\/www.cable.ro\/?s={search_term_string}\"},\"query-input\":{\"@type\":\"PropertyValueSpecification\",\"valueRequired\":true,\"valueName\":\"search_term_string\"}}],\"inLanguage\":\"en-US\"},{\"@type\":\"Organization\",\"@id\":\"https:\/\/www.cable.ro\/#organization\",\"name\":\"Cable SRL\",\"url\":\"https:\/\/www.cable.ro\/\",\"logo\":{\"@type\":\"ImageObject\",\"inLanguage\":\"en-US\",\"@id\":\"https:\/\/www.cable.ro\/#\/schema\/logo\/image\/\",\"url\":\"https:\/\/www.cable.ro\/wp-content\/uploads\/2021\/02\/Final3-mutat-ro.jpg\",\"contentUrl\":\"https:\/\/www.cable.ro\/wp-content\/uploads\/2021\/02\/Final3-mutat-ro.jpg\",\"width\":754,\"height\":344,\"caption\":\"Cable SRL\"},\"image\":{\"@id\":\"https:\/\/www.cable.ro\/#\/schema\/logo\/image\/\"}}]}<\/script>\n<!-- \/ Yoast SEO plugin. -->","yoast_head_json":{"title":"NanoBeam M5-16 - Cable S.R.L. - dealer autorizat CORNING","robots":{"index":"index","follow":"follow","max-snippet":"max-snippet:-1","max-image-preview":"max-image-preview:large","max-video-preview":"max-video-preview:-1"},"canonical":"https:\/\/www.cable.ro\/en\/product\/nanobeam-m5-16\/","og_locale":"en_US","og_type":"article","og_title":"NanoBeam M5-16 - Cable S.R.L. - dealer autorizat CORNING","og_description":"Fisa Tehnica","og_url":"https:\/\/www.cable.ro\/en\/product\/nanobeam-m5-16\/","og_site_name":"Cable S.R.L. - dealer autorizat CORNING","article_modified_time":"2026-01-20T18:11:39+00:00","og_image":[{"width":108,"height":132,"url":"https:\/\/www.cable.ro\/wp-content\/uploads\/2019\/09\/512.png","type":"image\/png"}],"twitter_card":"summary_large_image","twitter_misc":{"Est. reading time":"1 minute"},"schema":{"@context":"https:\/\/schema.org","@graph":[{"@type":"WebPage","@id":"https:\/\/www.cable.ro\/product\/nanobeam-m5-16\/","url":"https:\/\/www.cable.ro\/product\/nanobeam-m5-16\/","name":"NanoBeam M5-16 - Cable S.R.L. - dealer autorizat CORNING","isPartOf":{"@id":"https:\/\/www.cable.ro\/#website"},"primaryImageOfPage":{"@id":"https:\/\/www.cable.ro\/product\/nanobeam-m5-16\/#primaryimage"},"image":{"@id":"https:\/\/www.cable.ro\/product\/nanobeam-m5-16\/#primaryimage"},"thumbnailUrl":"https:\/\/www.cable.ro\/wp-content\/uploads\/2019\/09\/512.png","datePublished":"2019-09-10T15:06:16+00:00","dateModified":"2026-01-20T18:11:39+00:00","breadcrumb":{"@id":"https:\/\/www.cable.ro\/product\/nanobeam-m5-16\/#breadcrumb"},"inLanguage":"en-US","potentialAction":[{"@type":"ReadAction","target":["https:\/\/www.cable.ro\/product\/nanobeam-m5-16\/"]}]},{"@type":"ImageObject","inLanguage":"en-US","@id":"https:\/\/www.cable.ro\/product\/nanobeam-m5-16\/#primaryimage","url":"https:\/\/www.cable.ro\/wp-content\/uploads\/2019\/09\/512.png","contentUrl":"https:\/\/www.cable.ro\/wp-content\/uploads\/2019\/09\/512.png","width":108,"height":132},{"@type":"BreadcrumbList","@id":"https:\/\/www.cable.ro\/product\/nanobeam-m5-16\/#breadcrumb","itemListElement":[{"@type":"ListItem","position":1,"name":"Prima pagin\u0103","item":"https:\/\/www.cable.ro\/"},{"@type":"ListItem","position":2,"name":"Magazin","item":"https:\/\/www.cable.ro\/magazin\/"},{"@type":"ListItem","position":3,"name":"NanoBeam M5-16"}]},{"@type":"WebSite","@id":"https:\/\/www.cable.ro\/#website","url":"https:\/\/www.cable.ro\/","name":"Cable S.R.L. - dealer autorizat CORNING","description":"Cable Oradea","publisher":{"@id":"https:\/\/www.cable.ro\/#organization"},"potentialAction":[{"@type":"SearchAction","target":{"@type":"EntryPoint","urlTemplate":"https:\/\/www.cable.ro\/?s={search_term_string}"},"query-input":{"@type":"PropertyValueSpecification","valueRequired":true,"valueName":"search_term_string"}}],"inLanguage":"en-US"},{"@type":"Organization","@id":"https:\/\/www.cable.ro\/#organization","name":"Cable SRL","url":"https:\/\/www.cable.ro\/","logo":{"@type":"ImageObject","inLanguage":"en-US","@id":"https:\/\/www.cable.ro\/#\/schema\/logo\/image\/","url":"https:\/\/www.cable.ro\/wp-content\/uploads\/2021\/02\/Final3-mutat-ro.jpg","contentUrl":"https:\/\/www.cable.ro\/wp-content\/uploads\/2021\/02\/Final3-mutat-ro.jpg","width":754,"height":344,"caption":"Cable SRL"},"image":{"@id":"https:\/\/www.cable.ro\/#\/schema\/logo\/image\/"}}]}},"_links":{"self":[{"href":"https:\/\/www.cable.ro\/en\/wp-json\/wp\/v2\/product\/2588","targetHints":{"allow":["GET"]}}],"collection":[{"href":"https:\/\/www.cable.ro\/en\/wp-json\/wp\/v2\/product"}],"about":[{"href":"https:\/\/www.cable.ro\/en\/wp-json\/wp\/v2\/types\/product"}],"wp:featuredmedia":[{"embeddable":true,"href":"https:\/\/www.cable.ro\/en\/wp-json\/wp\/v2\/media\/2581"}],"wp:attachment":[{"href":"https:\/\/www.cable.ro\/en\/wp-json\/wp\/v2\/media?parent=2588"}],"wp:term":[{"taxonomy":"product_cat","embeddable":true,"href":"https:\/\/www.cable.ro\/en\/wp-json\/wp\/v2\/product_cat?post=2588"},{"taxonomy":"product_tag","embeddable":true,"href":"https:\/\/www.cable.ro\/en\/wp-json\/wp\/v2\/product_tag?post=2588"}],"curies":[{"name":"wp","href":"https:\/\/api.w.org\/{rel}","templated":true}]}}