{"id":3001,"date":"2019-09-19T14:07:32","date_gmt":"2019-09-19T14:07:32","guid":{"rendered":"https:\/\/global-marketing.ro\/cabluri\/?post_type=product&#038;p=3001"},"modified":"2026-01-20T19:27:44","modified_gmt":"2026-01-20T17:27:44","slug":"antena-mant30-cod-mtad-5g-30d3","status":"publish","type":"product","link":"https:\/\/www.cable.ro\/en\/product\/antena-mant30-cod-mtad-5g-30d3\/","title":{"rendered":"Antena mANT30 (cod MTAD-5G-30D3)"},"content":{"rendered":"<h5 class=\"prod-brief\">Anten\u0103 directiv\u0103 cu reflector parabolic, 2&#215;2 MIMO, 5 GHz, c\u00e2\u015ftig 30 dBi<\/h5>\n<p><strong>mANT30<\/strong>\u00a0(cod\u00a0<strong>MTAD-5G-30D3<\/strong>) este o anten\u0103 profesional\u0103 pentru banda de 5 GHz, construit\u0103 la cele mai \u00eenalte standarde industriale. Este proiectat\u0103 pentru echipamentele de tip\u00a0<a href=\"http:\/\/wifimag.ro\/mikrotik\/rb912uag-5hpnd-out\">Basebox<\/a>, dar gra\u0163ie pigtail-ului de tip\u00a0<a href=\"http:\/\/routerboard.com\/ACRPSMA\">Flex-guide<\/a>\u00a0cu lungimea de 50cm poate fi folosit\u0103 \u015fi \u00eempreun\u0103 cu echipamente radio montate pe st\u00e2lpul de sus\u0163inere.<br \/>\n<strong>Dot\u0103ri:<\/strong><\/p>\n<ul>\n<li>2 pigtail-uri\u00a0<a href=\"http:\/\/routerboard.com\/ACRPSMA\" target=\"_blank\">Flex-guide<\/a>\u00a0(conectori RSMA)<\/li>\n<li>sistem de prindere pentru Basebox<\/li>\n<li>band\u0103 izolatoare<\/li>\n<li>mecanism de aliniere<\/li>\n<\/ul>\n<p><strong>Specifica\u0163ii:<\/strong><\/p>\n<ul>\n<li>Gama de frecven\u0163e: 4.7 &#8230; 5.875 GHz<\/li>\n<li>C\u0103\u015ftig: 30 dBi<\/li>\n<li>Polarizare: dual\u0103 (vertical \/ orizontal)<\/li>\n<li>Deschidere: 3\u00b0<\/li>\n<li>VSWR: tipic \u2264 1.4, maximum \u2264 1.8<\/li>\n<li>Izolare port-la-port: minimum 40 dB<\/li>\n<li>Raport fa\u0163\u0103-spate: &gt;30 dB<\/li>\n<li>Izolare \u00eentre polarit\u0103\u0163i: &gt;40 dB<\/li>\n<li>Putere maxim\u0103 admis\u0103: 100W<\/li>\n<li>Impedan\u0163\u0103: 50\u03a9<\/li>\n<li>Ajustare eleva\u0163ie: +\/- 20\u00b0<\/li>\n<\/ul>\n<p><strong>Caracteristici fizice:<\/strong><\/p>\n<ul>\n<li>Diametru x ad\u00e2ncime: 70 x 45cm<\/li>\n<li>Mas\u0103 net\u0103: 4.8kg<\/li>\n<li>Material reflector: aluminiu<\/li>\n<li>Rezisten\u0163\u0103 la v\u00e2nt: 201 km\/h<\/li>\n<li>\u00cenc\u0103rcare la v\u00e2nt (201 km\/h): 181.4kg<\/li>\n<li>Temperatura de operare: -50\u00b0C &#8230; 80\u00b0C<\/li>\n<li>Diamentru st\u00e2lp de sus\u0163inere: 3 &#8230; 7cm<\/li>\n<\/ul>","protected":false},"excerpt":{"rendered":"<p>Anten\u0103 directiv\u0103 cu reflector parabolic, 2&#215;2 MIMO, 5 GHz, c\u00e2\u015ftig 30 dBi mANT30\u00a0(cod\u00a0MTAD-5G-30D3) este o anten\u0103 profesional\u0103 pentru banda de 5 GHz, construit\u0103 la cele mai \u00eenalte standarde industriale. Este proiectat\u0103 pentru echipamentele de tip\u00a0Basebox, dar gra\u0163ie pigtail-ului de tip\u00a0Flex-guide\u00a0cu lungimea de 50cm poate fi folosit\u0103 \u015fi \u00eempreun\u0103 cu echipamente radio montate pe st\u00e2lpul de&hellip;<\/p>","protected":false},"featured_media":3004,"template":"","meta":[],"product_cat":[209,212],"product_tag":[],"class_list":{"0":"post-3001","1":"product","2":"type-product","3":"status-publish","4":"has-post-thumbnail","6":"product_cat-echipamente-pt-transmisie-radio","7":"product_cat-mikrotik","8":"yith_product_brand-mikrotik","10":"first","11":"instock","12":"shipping-taxable","13":"product-type-simple","14":"col-xs-6 col-sm-4","15":"col-md-3 col-lg-3","16":"un-4-cols"},"yoast_head":"<!-- This site is optimized with the Yoast SEO plugin v27.0 - https:\/\/yoast.com\/product\/yoast-seo-wordpress\/ -->\n<title>Antena mANT30 (cod MTAD-5G-30D3) - Cable S.R.L. - dealer autorizat CORNING<\/title>\n<meta name=\"robots\" content=\"index, follow, max-snippet:-1, max-image-preview:large, max-video-preview:-1\" \/>\n<link rel=\"canonical\" href=\"https:\/\/www.cable.ro\/en\/product\/antena-mant30-cod-mtad-5g-30d3\/\" \/>\n<meta property=\"og:locale\" content=\"en_US\" \/>\n<meta property=\"og:type\" content=\"article\" \/>\n<meta property=\"og:title\" content=\"Antena mANT30 (cod MTAD-5G-30D3) - Cable S.R.L. - dealer autorizat CORNING\" \/>\n<meta property=\"og:description\" content=\"Anten\u0103 directiv\u0103 cu reflector parabolic, 2&#215;2 MIMO, 5 GHz, c\u00e2\u015ftig 30 dBi mANT30\u00a0(cod\u00a0MTAD-5G-30D3) este o anten\u0103 profesional\u0103 pentru banda de 5 GHz, construit\u0103 la cele mai \u00eenalte standarde industriale. Este proiectat\u0103 pentru echipamentele de tip\u00a0Basebox, dar gra\u0163ie pigtail-ului de tip\u00a0Flex-guide\u00a0cu lungimea de 50cm poate fi folosit\u0103 \u015fi \u00eempreun\u0103 cu echipamente radio montate pe st\u00e2lpul de&hellip;\" \/>\n<meta property=\"og:url\" content=\"https:\/\/www.cable.ro\/en\/product\/antena-mant30-cod-mtad-5g-30d3\/\" \/>\n<meta property=\"og:site_name\" content=\"Cable S.R.L. - dealer autorizat CORNING\" \/>\n<meta property=\"article:modified_time\" content=\"2026-01-20T17:27:44+00:00\" \/>\n<meta property=\"og:image\" content=\"https:\/\/www.cable.ro\/wp-content\/uploads\/2019\/09\/548.jpg\" \/>\n\t<meta property=\"og:image:width\" content=\"100\" \/>\n\t<meta property=\"og:image:height\" content=\"100\" \/>\n\t<meta property=\"og:image:type\" content=\"image\/jpeg\" \/>\n<meta name=\"twitter:card\" content=\"summary_large_image\" \/>\n<meta name=\"twitter:label1\" content=\"Est. reading time\" \/>\n\t<meta name=\"twitter:data1\" content=\"2 minutes\" \/>\n<script type=\"application\/ld+json\" class=\"yoast-schema-graph\">{\"@context\":\"https:\/\/schema.org\",\"@graph\":[{\"@type\":\"WebPage\",\"@id\":\"https:\/\/www.cable.ro\/product\/antena-mant30-cod-mtad-5g-30d3\/\",\"url\":\"https:\/\/www.cable.ro\/product\/antena-mant30-cod-mtad-5g-30d3\/\",\"name\":\"Antena mANT30 (cod MTAD-5G-30D3) - Cable S.R.L. - dealer autorizat CORNING\",\"isPartOf\":{\"@id\":\"https:\/\/www.cable.ro\/#website\"},\"primaryImageOfPage\":{\"@id\":\"https:\/\/www.cable.ro\/product\/antena-mant30-cod-mtad-5g-30d3\/#primaryimage\"},\"image\":{\"@id\":\"https:\/\/www.cable.ro\/product\/antena-mant30-cod-mtad-5g-30d3\/#primaryimage\"},\"thumbnailUrl\":\"https:\/\/www.cable.ro\/wp-content\/uploads\/2019\/09\/548.jpg\",\"datePublished\":\"2019-09-19T14:07:32+00:00\",\"dateModified\":\"2026-01-20T17:27:44+00:00\",\"breadcrumb\":{\"@id\":\"https:\/\/www.cable.ro\/product\/antena-mant30-cod-mtad-5g-30d3\/#breadcrumb\"},\"inLanguage\":\"en-US\",\"potentialAction\":[{\"@type\":\"ReadAction\",\"target\":[\"https:\/\/www.cable.ro\/product\/antena-mant30-cod-mtad-5g-30d3\/\"]}]},{\"@type\":\"ImageObject\",\"inLanguage\":\"en-US\",\"@id\":\"https:\/\/www.cable.ro\/product\/antena-mant30-cod-mtad-5g-30d3\/#primaryimage\",\"url\":\"https:\/\/www.cable.ro\/wp-content\/uploads\/2019\/09\/548.jpg\",\"contentUrl\":\"https:\/\/www.cable.ro\/wp-content\/uploads\/2019\/09\/548.jpg\",\"width\":100,\"height\":100},{\"@type\":\"BreadcrumbList\",\"@id\":\"https:\/\/www.cable.ro\/product\/antena-mant30-cod-mtad-5g-30d3\/#breadcrumb\",\"itemListElement\":[{\"@type\":\"ListItem\",\"position\":1,\"name\":\"Prima pagin\u0103\",\"item\":\"https:\/\/www.cable.ro\/\"},{\"@type\":\"ListItem\",\"position\":2,\"name\":\"Magazin\",\"item\":\"https:\/\/www.cable.ro\/magazin\/\"},{\"@type\":\"ListItem\",\"position\":3,\"name\":\"Antena mANT30 (cod MTAD-5G-30D3)\"}]},{\"@type\":\"WebSite\",\"@id\":\"https:\/\/www.cable.ro\/#website\",\"url\":\"https:\/\/www.cable.ro\/\",\"name\":\"Cable S.R.L. - dealer autorizat CORNING\",\"description\":\"Cable Oradea\",\"publisher\":{\"@id\":\"https:\/\/www.cable.ro\/#organization\"},\"potentialAction\":[{\"@type\":\"SearchAction\",\"target\":{\"@type\":\"EntryPoint\",\"urlTemplate\":\"https:\/\/www.cable.ro\/?s={search_term_string}\"},\"query-input\":{\"@type\":\"PropertyValueSpecification\",\"valueRequired\":true,\"valueName\":\"search_term_string\"}}],\"inLanguage\":\"en-US\"},{\"@type\":\"Organization\",\"@id\":\"https:\/\/www.cable.ro\/#organization\",\"name\":\"Cable SRL\",\"url\":\"https:\/\/www.cable.ro\/\",\"logo\":{\"@type\":\"ImageObject\",\"inLanguage\":\"en-US\",\"@id\":\"https:\/\/www.cable.ro\/#\/schema\/logo\/image\/\",\"url\":\"https:\/\/www.cable.ro\/wp-content\/uploads\/2021\/02\/Final3-mutat-ro.jpg\",\"contentUrl\":\"https:\/\/www.cable.ro\/wp-content\/uploads\/2021\/02\/Final3-mutat-ro.jpg\",\"width\":754,\"height\":344,\"caption\":\"Cable SRL\"},\"image\":{\"@id\":\"https:\/\/www.cable.ro\/#\/schema\/logo\/image\/\"}}]}<\/script>\n<!-- \/ Yoast SEO plugin. -->","yoast_head_json":{"title":"Antena mANT30 (cod MTAD-5G-30D3) - Cable S.R.L. - dealer autorizat CORNING","robots":{"index":"index","follow":"follow","max-snippet":"max-snippet:-1","max-image-preview":"max-image-preview:large","max-video-preview":"max-video-preview:-1"},"canonical":"https:\/\/www.cable.ro\/en\/product\/antena-mant30-cod-mtad-5g-30d3\/","og_locale":"en_US","og_type":"article","og_title":"Antena mANT30 (cod MTAD-5G-30D3) - Cable S.R.L. - dealer autorizat CORNING","og_description":"Anten\u0103 directiv\u0103 cu reflector parabolic, 2&#215;2 MIMO, 5 GHz, c\u00e2\u015ftig 30 dBi mANT30\u00a0(cod\u00a0MTAD-5G-30D3) este o anten\u0103 profesional\u0103 pentru banda de 5 GHz, construit\u0103 la cele mai \u00eenalte standarde industriale. Este proiectat\u0103 pentru echipamentele de tip\u00a0Basebox, dar gra\u0163ie pigtail-ului de tip\u00a0Flex-guide\u00a0cu lungimea de 50cm poate fi folosit\u0103 \u015fi \u00eempreun\u0103 cu echipamente radio montate pe st\u00e2lpul de&hellip;","og_url":"https:\/\/www.cable.ro\/en\/product\/antena-mant30-cod-mtad-5g-30d3\/","og_site_name":"Cable S.R.L. - dealer autorizat CORNING","article_modified_time":"2026-01-20T17:27:44+00:00","og_image":[{"width":100,"height":100,"url":"https:\/\/www.cable.ro\/wp-content\/uploads\/2019\/09\/548.jpg","type":"image\/jpeg"}],"twitter_card":"summary_large_image","twitter_misc":{"Est. reading time":"2 minutes"},"schema":{"@context":"https:\/\/schema.org","@graph":[{"@type":"WebPage","@id":"https:\/\/www.cable.ro\/product\/antena-mant30-cod-mtad-5g-30d3\/","url":"https:\/\/www.cable.ro\/product\/antena-mant30-cod-mtad-5g-30d3\/","name":"Antena mANT30 (cod MTAD-5G-30D3) - Cable S.R.L. - dealer autorizat CORNING","isPartOf":{"@id":"https:\/\/www.cable.ro\/#website"},"primaryImageOfPage":{"@id":"https:\/\/www.cable.ro\/product\/antena-mant30-cod-mtad-5g-30d3\/#primaryimage"},"image":{"@id":"https:\/\/www.cable.ro\/product\/antena-mant30-cod-mtad-5g-30d3\/#primaryimage"},"thumbnailUrl":"https:\/\/www.cable.ro\/wp-content\/uploads\/2019\/09\/548.jpg","datePublished":"2019-09-19T14:07:32+00:00","dateModified":"2026-01-20T17:27:44+00:00","breadcrumb":{"@id":"https:\/\/www.cable.ro\/product\/antena-mant30-cod-mtad-5g-30d3\/#breadcrumb"},"inLanguage":"en-US","potentialAction":[{"@type":"ReadAction","target":["https:\/\/www.cable.ro\/product\/antena-mant30-cod-mtad-5g-30d3\/"]}]},{"@type":"ImageObject","inLanguage":"en-US","@id":"https:\/\/www.cable.ro\/product\/antena-mant30-cod-mtad-5g-30d3\/#primaryimage","url":"https:\/\/www.cable.ro\/wp-content\/uploads\/2019\/09\/548.jpg","contentUrl":"https:\/\/www.cable.ro\/wp-content\/uploads\/2019\/09\/548.jpg","width":100,"height":100},{"@type":"BreadcrumbList","@id":"https:\/\/www.cable.ro\/product\/antena-mant30-cod-mtad-5g-30d3\/#breadcrumb","itemListElement":[{"@type":"ListItem","position":1,"name":"Prima pagin\u0103","item":"https:\/\/www.cable.ro\/"},{"@type":"ListItem","position":2,"name":"Magazin","item":"https:\/\/www.cable.ro\/magazin\/"},{"@type":"ListItem","position":3,"name":"Antena mANT30 (cod MTAD-5G-30D3)"}]},{"@type":"WebSite","@id":"https:\/\/www.cable.ro\/#website","url":"https:\/\/www.cable.ro\/","name":"Cable S.R.L. - dealer autorizat CORNING","description":"Cable Oradea","publisher":{"@id":"https:\/\/www.cable.ro\/#organization"},"potentialAction":[{"@type":"SearchAction","target":{"@type":"EntryPoint","urlTemplate":"https:\/\/www.cable.ro\/?s={search_term_string}"},"query-input":{"@type":"PropertyValueSpecification","valueRequired":true,"valueName":"search_term_string"}}],"inLanguage":"en-US"},{"@type":"Organization","@id":"https:\/\/www.cable.ro\/#organization","name":"Cable SRL","url":"https:\/\/www.cable.ro\/","logo":{"@type":"ImageObject","inLanguage":"en-US","@id":"https:\/\/www.cable.ro\/#\/schema\/logo\/image\/","url":"https:\/\/www.cable.ro\/wp-content\/uploads\/2021\/02\/Final3-mutat-ro.jpg","contentUrl":"https:\/\/www.cable.ro\/wp-content\/uploads\/2021\/02\/Final3-mutat-ro.jpg","width":754,"height":344,"caption":"Cable SRL"},"image":{"@id":"https:\/\/www.cable.ro\/#\/schema\/logo\/image\/"}}]}},"_links":{"self":[{"href":"https:\/\/www.cable.ro\/en\/wp-json\/wp\/v2\/product\/3001","targetHints":{"allow":["GET"]}}],"collection":[{"href":"https:\/\/www.cable.ro\/en\/wp-json\/wp\/v2\/product"}],"about":[{"href":"https:\/\/www.cable.ro\/en\/wp-json\/wp\/v2\/types\/product"}],"wp:featuredmedia":[{"embeddable":true,"href":"https:\/\/www.cable.ro\/en\/wp-json\/wp\/v2\/media\/3004"}],"wp:attachment":[{"href":"https:\/\/www.cable.ro\/en\/wp-json\/wp\/v2\/media?parent=3001"}],"wp:term":[{"taxonomy":"product_cat","embeddable":true,"href":"https:\/\/www.cable.ro\/en\/wp-json\/wp\/v2\/product_cat?post=3001"},{"taxonomy":"product_tag","embeddable":true,"href":"https:\/\/www.cable.ro\/en\/wp-json\/wp\/v2\/product_tag?post=3001"}],"curies":[{"name":"wp","href":"https:\/\/api.w.org\/{rel}","templated":true}]}}